{"id":251,"date":"2021-07-02T18:57:16","date_gmt":"2021-07-02T18:57:16","guid":{"rendered":"https:\/\/trimaransoncek.com\/product\/floating-sea-house-soncek\/"},"modified":"2026-01-27T04:55:09","modified_gmt":"2026-01-27T04:55:09","slug":"floating-sea-house-soncek","status":"publish","type":"product","link":"https:\/\/trimaransoncek.com\/de\/produkt\/floating-sea-house-soncek\/","title":{"rendered":"Floating Haus SON\u010cEK"},"content":{"rendered":"<p>Das Floating Sea House SON\u010cEK liegt in Portoro\u017e, 2,9 km vom Strand Strunjan und 1,3 km vom Thermalbad Portoroz entfernt und bietet eine Terrasse und eine Klimaanlage. Diese Unterkunft am Strand bietet Zugang zu einem Balkon und kostenfreie Privatparkpl\u00e4tze.<\/p>\n<p>Dieses Apartment verf\u00fcgt \u00fcber 2 Schlafzimmer, eine K\u00fcche mit Mikrowelle und K\u00fchlschrank, einen Flachbild-TV, einen Sitzbereich und 1 Badezimmer mit Whirlpool.<\/p>\n<p>Der Naturpark Se\u010dovlje Salina liegt 2 km vom Apartment entfernt.<br \/>\nWir sprechen Ihre Sprache!<\/p>","protected":false},"excerpt":{"rendered":"<p>Located in Portoro\u017e, 2.9 km from Strunjan Beach and 1.3 km from Portoroz Thermal Spa, Floating Sea House SON\u010cEK offers a terrace and air conditioning. This beachfront property offers access to a balcony and free private parking. This apartment is equipped with 2 bedrooms, a kitchen with a microwave and a fridge, a flat-screen TV, [&hellip;]<\/p>\n","protected":false},"featured_media":0,"comment_status":"open","ping_status":"closed","template":"","meta":[],"product_brand":[],"product_cat":[20],"product_tag":[],"class_list":{"0":"post-251","1":"product","2":"type-product","3":"status-publish","5":"product_cat-listeo-booking","7":"first","8":"instock","9":"downloadable","10":"virtual","11":"sold-individually","12":"taxable","13":"purchasable","14":"product-type-listing_booking"},"yoast_head":"<!-- This site is optimized with the Yoast SEO plugin v27.4 - https:\/\/yoast.com\/product\/yoast-seo-wordpress\/ -->\n<title>Floating Sea House SON\u010cEK - Trimaran Son\u010dek<\/title>\n<meta name=\"robots\" content=\"index, follow, max-snippet:-1, max-image-preview:large, max-video-preview:-1\" \/>\n<link rel=\"canonical\" href=\"https:\/\/trimaransoncek.com\/de\/produkt\/floating-sea-house-soncek\/\" \/>\n<meta property=\"og:locale\" content=\"de_DE\" \/>\n<meta property=\"og:type\" content=\"article\" \/>\n<meta property=\"og:title\" content=\"Floating Sea House SON\u010cEK - Trimaran Son\u010dek\" \/>\n<meta property=\"og:description\" content=\"Located in Portoro\u017e, 2.9 km from Strunjan Beach and 1.3 km from Portoroz Thermal Spa, Floating Sea House SON\u010cEK offers a terrace and air conditioning. This beachfront property offers access to a balcony and free private parking. This apartment is equipped with 2 bedrooms, a kitchen with a microwave and a fridge, a flat-screen TV, [&hellip;]\" \/>\n<meta property=\"og:url\" content=\"https:\/\/trimaransoncek.com\/de\/produkt\/floating-sea-house-soncek\/\" \/>\n<meta property=\"og:site_name\" content=\"Trimaran Son\u010dek\" \/>\n<meta property=\"article:modified_time\" content=\"2026-01-27T04:55:09+00:00\" \/>\n<meta name=\"twitter:card\" content=\"summary_large_image\" \/>\n<script type=\"application\/ld+json\" class=\"yoast-schema-graph\">{\"@context\":\"https:\\\/\\\/schema.org\",\"@graph\":[{\"@type\":\"WebPage\",\"@id\":\"https:\\\/\\\/trimaransoncek.com\\\/product\\\/floating-sea-house-soncek\\\/\",\"url\":\"https:\\\/\\\/trimaransoncek.com\\\/product\\\/floating-sea-house-soncek\\\/\",\"name\":\"Floating Sea House SON\u010cEK - Trimaran Son\u010dek\",\"isPartOf\":{\"@id\":\"https:\\\/\\\/trimaransoncek.com\\\/#website\"},\"datePublished\":\"2021-07-02T18:57:16+00:00\",\"dateModified\":\"2026-01-27T04:55:09+00:00\",\"breadcrumb\":{\"@id\":\"https:\\\/\\\/trimaransoncek.com\\\/product\\\/floating-sea-house-soncek\\\/#breadcrumb\"},\"inLanguage\":\"de\",\"potentialAction\":[{\"@type\":\"ReadAction\",\"target\":[\"https:\\\/\\\/trimaransoncek.com\\\/product\\\/floating-sea-house-soncek\\\/\"]}]},{\"@type\":\"BreadcrumbList\",\"@id\":\"https:\\\/\\\/trimaransoncek.com\\\/product\\\/floating-sea-house-soncek\\\/#breadcrumb\",\"itemListElement\":[{\"@type\":\"ListItem\",\"position\":1,\"name\":\"Home\",\"item\":\"https:\\\/\\\/trimaransoncek.com\\\/\"},{\"@type\":\"ListItem\",\"position\":2,\"name\":\"Shop\",\"item\":\"https:\\\/\\\/trimaransoncek.com\\\/shop\\\/\"},{\"@type\":\"ListItem\",\"position\":3,\"name\":\"Floating Sea House SON\u010cEK\"}]},{\"@type\":\"WebSite\",\"@id\":\"https:\\\/\\\/trimaransoncek.com\\\/#website\",\"url\":\"https:\\\/\\\/trimaransoncek.com\\\/\",\"name\":\"Trimaran Son\u010dek\",\"description\":\"Trimaran Floating House Son\u010dek\",\"potentialAction\":[{\"@type\":\"SearchAction\",\"target\":{\"@type\":\"EntryPoint\",\"urlTemplate\":\"https:\\\/\\\/trimaransoncek.com\\\/?s={search_term_string}\"},\"query-input\":{\"@type\":\"PropertyValueSpecification\",\"valueRequired\":true,\"valueName\":\"search_term_string\"}}],\"inLanguage\":\"de\"}]}<\/script>\n<!-- \/ Yoast SEO plugin. -->","yoast_head_json":{"title":"Floating Sea House SON\u010cEK - Trimaran Son\u010dek","robots":{"index":"index","follow":"follow","max-snippet":"max-snippet:-1","max-image-preview":"max-image-preview:large","max-video-preview":"max-video-preview:-1"},"canonical":"https:\/\/trimaransoncek.com\/de\/produkt\/floating-sea-house-soncek\/","og_locale":"de_DE","og_type":"article","og_title":"Floating Sea House SON\u010cEK - Trimaran Son\u010dek","og_description":"Located in Portoro\u017e, 2.9 km from Strunjan Beach and 1.3 km from Portoroz Thermal Spa, Floating Sea House SON\u010cEK offers a terrace and air conditioning. This beachfront property offers access to a balcony and free private parking. This apartment is equipped with 2 bedrooms, a kitchen with a microwave and a fridge, a flat-screen TV, [&hellip;]","og_url":"https:\/\/trimaransoncek.com\/de\/produkt\/floating-sea-house-soncek\/","og_site_name":"Trimaran Son\u010dek","article_modified_time":"2026-01-27T04:55:09+00:00","twitter_card":"summary_large_image","schema":{"@context":"https:\/\/schema.org","@graph":[{"@type":"WebPage","@id":"https:\/\/trimaransoncek.com\/product\/floating-sea-house-soncek\/","url":"https:\/\/trimaransoncek.com\/product\/floating-sea-house-soncek\/","name":"Floating Sea House SON\u010cEK - Trimaran Son\u010dek","isPartOf":{"@id":"https:\/\/trimaransoncek.com\/#website"},"datePublished":"2021-07-02T18:57:16+00:00","dateModified":"2026-01-27T04:55:09+00:00","breadcrumb":{"@id":"https:\/\/trimaransoncek.com\/product\/floating-sea-house-soncek\/#breadcrumb"},"inLanguage":"de","potentialAction":[{"@type":"ReadAction","target":["https:\/\/trimaransoncek.com\/product\/floating-sea-house-soncek\/"]}]},{"@type":"BreadcrumbList","@id":"https:\/\/trimaransoncek.com\/product\/floating-sea-house-soncek\/#breadcrumb","itemListElement":[{"@type":"ListItem","position":1,"name":"Home","item":"https:\/\/trimaransoncek.com\/"},{"@type":"ListItem","position":2,"name":"Shop","item":"https:\/\/trimaransoncek.com\/shop\/"},{"@type":"ListItem","position":3,"name":"Floating Sea House SON\u010cEK"}]},{"@type":"WebSite","@id":"https:\/\/trimaransoncek.com\/#website","url":"https:\/\/trimaransoncek.com\/","name":"Trimaran Son\u010dek","description":"Trimaran-Schwimmhaus Son\u010dek","potentialAction":[{"@type":"SearchAction","target":{"@type":"EntryPoint","urlTemplate":"https:\/\/trimaransoncek.com\/?s={search_term_string}"},"query-input":{"@type":"PropertyValueSpecification","valueRequired":true,"valueName":"search_term_string"}}],"inLanguage":"de"}]}},"_links":{"self":[{"href":"https:\/\/trimaransoncek.com\/de\/wp-json\/wp\/v2\/product\/251","targetHints":{"allow":["GET"]}}],"collection":[{"href":"https:\/\/trimaransoncek.com\/de\/wp-json\/wp\/v2\/product"}],"about":[{"href":"https:\/\/trimaransoncek.com\/de\/wp-json\/wp\/v2\/types\/product"}],"replies":[{"embeddable":true,"href":"https:\/\/trimaransoncek.com\/de\/wp-json\/wp\/v2\/comments?post=251"}],"wp:attachment":[{"href":"https:\/\/trimaransoncek.com\/de\/wp-json\/wp\/v2\/media?parent=251"}],"wp:term":[{"taxonomy":"product_brand","embeddable":true,"href":"https:\/\/trimaransoncek.com\/de\/wp-json\/wp\/v2\/product_brand?post=251"},{"taxonomy":"product_cat","embeddable":true,"href":"https:\/\/trimaransoncek.com\/de\/wp-json\/wp\/v2\/product_cat?post=251"},{"taxonomy":"product_tag","embeddable":true,"href":"https:\/\/trimaransoncek.com\/de\/wp-json\/wp\/v2\/product_tag?post=251"}],"curies":[{"name":"wp","href":"https:\/\/api.w.org\/{rel}","templated":true}]}}