{"id":77,"date":"2018-11-02T10:42:38","date_gmt":"2018-11-02T10:42:38","guid":{"rendered":"http:\/\/listeosetupwiz.wpengine.com\/?page_id=86"},"modified":"2018-11-02T10:42:38","modified_gmt":"2018-11-02T10:42:38","slug":"pricing-tables","status":"publish","type":"page","link":"https:\/\/trimaransoncek.com\/de\/pricing-tables\/","title":{"rendered":"Preistabellen"},"content":{"rendered":"<div class=\"pricing-container margin-top-30\">\r\n\r\n                    <div class=\"plan\">\r\n                \r\n                <div class=\"plan-price\">\r\n\r\n                    <h3>Basic<\/h3>\r\n                    <span class=\"value\"> <span class=\"woocommerce-Price-amount amount\"><bdi>4.99\u00a0<span class=\"woocommerce-Price-currencySymbol\">\u20ac<\/span><\/bdi><\/span><\/span>\r\n                    <span class=\"period\">Kostenlos ein Standardeintrag aktiv f\u00fcr 30 Tage<\/span>\r\n                <\/div>\r\n\r\n                <div class=\"plan-features\">\r\n                    <ul class=\"plan-features-auto-wc\">\r\n                        <li>Unbegrenzte Anzahl von Eintr\u00e4gen<\/li>                            <li>\r\n                                Unbegrenzte Verf\u00fcgbarkeit von Inseraten                            <\/li>\r\n                                                \r\n                    <\/ul>\r\n                    <ul>\r\n \t<li>Standardauflistung<\/li>\r\n \t<li>Eingeschr\u00e4nkter Support<\/li>\r\n<\/ul>                    <a href=\"\/de\/wp-json\/wp\/v2\/pages\/77?add-to-cart=146\" class=\"button\"><i class=\"fa fa-shopping-cart\"><\/i> Eintrag hinzuf\u00fcgen<\/a>\r\n\r\n\r\n                <\/div>\r\n\r\n            <\/div>\r\n\r\n                    <div class=\"plan featured\">\r\n                                    <div class=\"listing-badge\">\r\n                        <span class=\"featured\">Empfohlen<\/span>\r\n                    <\/div>\r\n                \r\n                <div class=\"plan-price\">\r\n\r\n                    <h3>Erweitert<\/h3>\r\n                    <span class=\"value\"> <span class=\"woocommerce-Price-amount amount\"><bdi>9.99\u00a0<span class=\"woocommerce-Price-currencySymbol\">\u20ac<\/span><\/bdi><\/span><\/span>\r\n                    <span class=\"period\">Einmalige Geb\u00fchr f\u00fcr einen Eintrag, hervorgehoben in den Suchergebnissen<\/span>\r\n                <\/div>\r\n\r\n                <div class=\"plan-features\">\r\n                    <ul class=\"plan-features-auto-wc\">\r\n                        <li>Unbegrenzte Anzahl von Eintr\u00e4gen<\/li>                            <li>\r\n                                Unbegrenzte Verf\u00fcgbarkeit von Inseraten                            <\/li>\r\n                                                \r\n                    <\/ul>\r\n                    <ul>\r\n \t<li>Einmalige Geb\u00fchr<\/li>\r\n \t<li>Eine Auflistung<\/li>\r\n \t<li>90 Tage Verf\u00fcgbarkeit<\/li>\r\n \t<li>In Suchergebnissen hervorgehoben<\/li>\r\n \t<li>24\/7 Kunden-Support<\/li>\r\n<\/ul>                    <a href=\"\/de\/wp-json\/wp\/v2\/pages\/77?add-to-cart=145\" class=\"button\"><i class=\"fa fa-shopping-cart\"><\/i> Eintrag hinzuf\u00fcgen<\/a>\r\n\r\n\r\n                <\/div>\r\n\r\n            <\/div>\r\n\r\n                    <div class=\"plan\">\r\n                \r\n                <div class=\"plan-price\">\r\n\r\n                    <h3>Professionelles<\/h3>\r\n                    <span class=\"value\"> <span class=\"woocommerce-Price-amount amount\"><bdi>29.99\u00a0<span class=\"woocommerce-Price-currencySymbol\">\u20ac<\/span><\/bdi><\/span><\/span>\r\n                    <span class=\"period\">Einmalige Geb\u00fchr f\u00fcr unbegrenzte Inserate und Verf\u00fcgbarkeit<\/span>\r\n                <\/div>\r\n\r\n                <div class=\"plan-features\">\r\n                    <ul class=\"plan-features-auto-wc\">\r\n                        <li>Unbegrenzte Anzahl von Eintr\u00e4gen<\/li>                            <li>\r\n                                Unbegrenzte Verf\u00fcgbarkeit von Inseraten                            <\/li>\r\n                                                \r\n                    <\/ul>\r\n                    <ul>\r\n \t<li>Unbegrenzte Inserate<\/li>\r\n \t<li>Unbegrenzte Verf\u00fcgbarkeit<\/li>\r\n \t<li>In Suchergebnissen hervorgehoben<\/li>\r\n \t<li>24\/7 Kunden-Support<\/li>\r\n<\/ul>                    <a href=\"\/de\/wp-json\/wp\/v2\/pages\/77?add-to-cart=144\" class=\"button\"><i class=\"fa fa-shopping-cart\"><\/i> Eintrag hinzuf\u00fcgen<\/a>\r\n\r\n\r\n                <\/div>\r\n\r\n            <\/div>\r\n\r\n            <\/div>","protected":false},"excerpt":{"rendered":"","protected":false},"author":1,"featured_media":0,"parent":0,"menu_order":0,"comment_status":"closed","ping_status":"closed","template":"","meta":{"footnotes":""},"class_list":["post-77","page","type-page","status-publish","hentry"],"yoast_head":"<!-- This site is optimized with the Yoast SEO plugin v27.5 - https:\/\/yoast.com\/product\/yoast-seo-wordpress\/ -->\n<title>Pricing Tables - Trimaran Son\u010dek<\/title>\n<meta name=\"robots\" content=\"index, follow, max-snippet:-1, max-image-preview:large, max-video-preview:-1\" \/>\n<link rel=\"canonical\" href=\"https:\/\/trimaransoncek.com\/de\/pricing-tables\/\" \/>\n<meta property=\"og:locale\" content=\"de_DE\" \/>\n<meta property=\"og:type\" content=\"article\" \/>\n<meta property=\"og:title\" content=\"Pricing Tables - Trimaran Son\u010dek\" \/>\n<meta property=\"og:url\" content=\"https:\/\/trimaransoncek.com\/de\/pricing-tables\/\" \/>\n<meta property=\"og:site_name\" content=\"Trimaran Son\u010dek\" \/>\n<meta name=\"twitter:card\" content=\"summary_large_image\" \/>\n<script type=\"application\/ld+json\" class=\"yoast-schema-graph\">{\"@context\":\"https:\\\/\\\/schema.org\",\"@graph\":[{\"@type\":\"WebPage\",\"@id\":\"https:\\\/\\\/trimaransoncek.com\\\/pricing-tables\\\/\",\"url\":\"https:\\\/\\\/trimaransoncek.com\\\/pricing-tables\\\/\",\"name\":\"Pricing Tables - Trimaran Son\u010dek\",\"isPartOf\":{\"@id\":\"https:\\\/\\\/trimaransoncek.com\\\/#website\"},\"datePublished\":\"2018-11-02T10:42:38+00:00\",\"breadcrumb\":{\"@id\":\"https:\\\/\\\/trimaransoncek.com\\\/pricing-tables\\\/#breadcrumb\"},\"inLanguage\":\"de\",\"potentialAction\":[{\"@type\":\"ReadAction\",\"target\":[\"https:\\\/\\\/trimaransoncek.com\\\/pricing-tables\\\/\"]}]},{\"@type\":\"BreadcrumbList\",\"@id\":\"https:\\\/\\\/trimaransoncek.com\\\/pricing-tables\\\/#breadcrumb\",\"itemListElement\":[{\"@type\":\"ListItem\",\"position\":1,\"name\":\"Home\",\"item\":\"https:\\\/\\\/trimaransoncek.com\\\/\"},{\"@type\":\"ListItem\",\"position\":2,\"name\":\"Pricing Tables\"}]},{\"@type\":\"WebSite\",\"@id\":\"https:\\\/\\\/trimaransoncek.com\\\/#website\",\"url\":\"https:\\\/\\\/trimaransoncek.com\\\/\",\"name\":\"Trimaran Son\u010dek\",\"description\":\"Trimaran Floating House Son\u010dek\",\"potentialAction\":[{\"@type\":\"SearchAction\",\"target\":{\"@type\":\"EntryPoint\",\"urlTemplate\":\"https:\\\/\\\/trimaransoncek.com\\\/?s={search_term_string}\"},\"query-input\":{\"@type\":\"PropertyValueSpecification\",\"valueRequired\":true,\"valueName\":\"search_term_string\"}}],\"inLanguage\":\"de\"}]}<\/script>\n<!-- \/ Yoast SEO plugin. -->","yoast_head_json":{"title":"Pricing Tables - Trimaran Son\u010dek","robots":{"index":"index","follow":"follow","max-snippet":"max-snippet:-1","max-image-preview":"max-image-preview:large","max-video-preview":"max-video-preview:-1"},"canonical":"https:\/\/trimaransoncek.com\/de\/pricing-tables\/","og_locale":"de_DE","og_type":"article","og_title":"Pricing Tables - Trimaran Son\u010dek","og_url":"https:\/\/trimaransoncek.com\/de\/pricing-tables\/","og_site_name":"Trimaran Son\u010dek","twitter_card":"summary_large_image","schema":{"@context":"https:\/\/schema.org","@graph":[{"@type":"WebPage","@id":"https:\/\/trimaransoncek.com\/pricing-tables\/","url":"https:\/\/trimaransoncek.com\/pricing-tables\/","name":"Pricing Tables - Trimaran Son\u010dek","isPartOf":{"@id":"https:\/\/trimaransoncek.com\/#website"},"datePublished":"2018-11-02T10:42:38+00:00","breadcrumb":{"@id":"https:\/\/trimaransoncek.com\/pricing-tables\/#breadcrumb"},"inLanguage":"de","potentialAction":[{"@type":"ReadAction","target":["https:\/\/trimaransoncek.com\/pricing-tables\/"]}]},{"@type":"BreadcrumbList","@id":"https:\/\/trimaransoncek.com\/pricing-tables\/#breadcrumb","itemListElement":[{"@type":"ListItem","position":1,"name":"Home","item":"https:\/\/trimaransoncek.com\/"},{"@type":"ListItem","position":2,"name":"Pricing Tables"}]},{"@type":"WebSite","@id":"https:\/\/trimaransoncek.com\/#website","url":"https:\/\/trimaransoncek.com\/","name":"Trimaran Son\u010dek","description":"Trimaran-Schwimmhaus Son\u010dek","potentialAction":[{"@type":"SearchAction","target":{"@type":"EntryPoint","urlTemplate":"https:\/\/trimaransoncek.com\/?s={search_term_string}"},"query-input":{"@type":"PropertyValueSpecification","valueRequired":true,"valueName":"search_term_string"}}],"inLanguage":"de"}]}},"_links":{"self":[{"href":"https:\/\/trimaransoncek.com\/de\/wp-json\/wp\/v2\/pages\/77","targetHints":{"allow":["GET"]}}],"collection":[{"href":"https:\/\/trimaransoncek.com\/de\/wp-json\/wp\/v2\/pages"}],"about":[{"href":"https:\/\/trimaransoncek.com\/de\/wp-json\/wp\/v2\/types\/page"}],"author":[{"embeddable":true,"href":"https:\/\/trimaransoncek.com\/de\/wp-json\/wp\/v2\/users\/1"}],"replies":[{"embeddable":true,"href":"https:\/\/trimaransoncek.com\/de\/wp-json\/wp\/v2\/comments?post=77"}],"version-history":[{"count":0,"href":"https:\/\/trimaransoncek.com\/de\/wp-json\/wp\/v2\/pages\/77\/revisions"}],"wp:attachment":[{"href":"https:\/\/trimaransoncek.com\/de\/wp-json\/wp\/v2\/media?parent=77"}],"curies":[{"name":"wp","href":"https:\/\/api.w.org\/{rel}","templated":true}]}}